{"id":912,"date":"2016-06-20T20:49:09","date_gmt":"2016-06-20T20:49:09","guid":{"rendered":"http:\/\/divisionesymodularesojeda.com\/oficinas-barranquilla\/producto\/descansapies\/"},"modified":"2016-06-20T20:57:42","modified_gmt":"2016-06-20T20:57:42","slug":"descansapies","status":"publish","type":"product","link":"https:\/\/divisionesymodularesojeda.com\/oficinas-barranquilla\/producto\/descansapies\/","title":{"rendered":"Descansapies"},"content":{"rendered":"","protected":false},"excerpt":{"rendered":"<p><strong>Descansapi\u00e9s <\/strong><\/p>\n<p>Descansapi\u00e9s para evitar la fatiga en diferentes partes del cuerpo como las piernas, parte lumbar, columna vertebral y el cuello; mejoran la circulaci\u00f3n perif\u00e9rica, favorecen la correcta posici\u00f3n de las rodillas y tobillos.<\/p>\n","protected":false},"featured_media":913,"template":"","meta":[],"product_brand":[],"product_cat":[35],"product_tag":[6],"class_list":{"0":"post-912","1":"product","2":"type-product","3":"status-publish","4":"has-post-thumbnail","6":"product_cat-accesorios-para-oficina","7":"product_tag-accesorios","9":"first","10":"instock","11":"shipping-taxable","12":"product-type-simple"},"_links":{"self":[{"href":"https:\/\/divisionesymodularesojeda.com\/oficinas-barranquilla\/wp-json\/wp\/v2\/product\/912","targetHints":{"allow":["GET"]}}],"collection":[{"href":"https:\/\/divisionesymodularesojeda.com\/oficinas-barranquilla\/wp-json\/wp\/v2\/product"}],"about":[{"href":"https:\/\/divisionesymodularesojeda.com\/oficinas-barranquilla\/wp-json\/wp\/v2\/types\/product"}],"wp:featuredmedia":[{"embeddable":true,"href":"https:\/\/divisionesymodularesojeda.com\/oficinas-barranquilla\/wp-json\/wp\/v2\/media\/913"}],"wp:attachment":[{"href":"https:\/\/divisionesymodularesojeda.com\/oficinas-barranquilla\/wp-json\/wp\/v2\/media?parent=912"}],"wp:term":[{"taxonomy":"product_brand","embeddable":true,"href":"https:\/\/divisionesymodularesojeda.com\/oficinas-barranquilla\/wp-json\/wp\/v2\/product_brand?post=912"},{"taxonomy":"product_cat","embeddable":true,"href":"https:\/\/divisionesymodularesojeda.com\/oficinas-barranquilla\/wp-json\/wp\/v2\/product_cat?post=912"},{"taxonomy":"product_tag","embeddable":true,"href":"https:\/\/divisionesymodularesojeda.com\/oficinas-barranquilla\/wp-json\/wp\/v2\/product_tag?post=912"}],"curies":[{"name":"wp","href":"https:\/\/api.w.org\/{rel}","templated":true}]}}