{"id":242,"date":"2015-09-09T15:45:58","date_gmt":"2015-09-09T15:45:58","guid":{"rendered":"http:\/\/divisionesymodularesojeda.com\/barranquilla\/producto\/sillas-lion-alta-3-728-eu\/"},"modified":"2026-01-29T18:18:56","modified_gmt":"2026-01-29T23:18:56","slug":"silla-presidente-5","status":"publish","type":"product","link":"https:\/\/divisionesymodularesojeda.com\/oficinas-barranquilla\/producto\/silla-presidente-5\/","title":{"rendered":"Silla presidente Australia"},"content":{"rendered":"<div class=\"fusion-fullwidth fullwidth-box fusion-builder-row-1 fusion-flex-container has-pattern-background has-mask-background nonhundred-percent-fullwidth non-hundred-percent-height-scrolling\" style=\"--awb-border-radius-top-left:0px;--awb-border-radius-top-right:0px;--awb-border-radius-bottom-right:0px;--awb-border-radius-bottom-left:0px;--awb-flex-wrap:wrap;\" ><div class=\"fusion-builder-row fusion-row fusion-flex-align-items-flex-start fusion-flex-content-wrap\" style=\"max-width:1144px;margin-left: calc(-4% \/ 2 );margin-right: calc(-4% \/ 2 );\"><div class=\"fusion-layout-column fusion_builder_column fusion-builder-column-0 fusion_builder_column_1_1 1_1 fusion-flex-column\" style=\"--awb-bg-size:cover;--awb-width-large:100%;--awb-margin-top-large:0px;--awb-spacing-right-large:1.92%;--awb-margin-bottom-large:20px;--awb-spacing-left-large:1.92%;--awb-width-medium:100%;--awb-order-medium:0;--awb-spacing-right-medium:1.92%;--awb-spacing-left-medium:1.92%;--awb-width-small:100%;--awb-order-small:0;--awb-spacing-right-small:1.92%;--awb-spacing-left-small:1.92%;\"><div class=\"fusion-column-wrapper fusion-column-has-shadow fusion-flex-justify-content-flex-start fusion-content-layout-column\"><div class=\"fusion-text fusion-text-1\"><h3>Silla de oficina Australia PR<\/h3>\n<p>las sillas presidenciales Australia PR cuentan con una espalda y cabecero en malla, asegurando transpirabilidad y un soporte excepcional. El cabecero ajustable se adapta a tus necesidades, mientras que el respaldo con apoyo lumbar ajustable te garantiza una postura correcta durante largas jornadas. Su asiento, confeccionado en espuma moldeada de alta densidad ofrece una comodidad suprema.<\/p>\n<\/div><ul style=\"--awb-line-height:23.8px;--awb-icon-width:23.8px;--awb-icon-height:23.8px;--awb-icon-margin:9.8px;--awb-content-margin:33.6px;--awb-circlecolor:#1a80b6;--awb-circle-yes-font-size:12.32px;\" class=\"fusion-checklist fusion-checklist-1 fusion-checklist-default type-icons\"><li class=\"fusion-li-item\" style=\"\"><span class=\"icon-wrapper circle-yes\"><i class=\"fusion-li-icon fa-file-pdf fas\" aria-hidden=\"true\"><\/i><\/span><div class=\"fusion-li-item-content\"><a href=\"https:\/\/divisionesymodularesojeda.com\/pdf\/silla-australia.pdf\" target=\"_blank\" rel=\"noopener\"> Descargar ficha t\u00e9cnica<\/a><\/div><\/li><\/ul><div class=\"fusion-text fusion-text-2\"><p>Im\u00e1genes de referencia, las caracter\u00edsticas y especificaciones est\u00e1n sujetas a verificaci\u00f3n en el momento de la compra.<\/p>\n<\/div>\n<\/div><\/div><\/div><\/div>\n","protected":false},"excerpt":{"rendered":"<h2>Sillas ergon\u00f3micas Australia PR<\/h2>\n<p>Espalda: Malla<br \/>\nCabecero: Graduable altura y basculante 2D<br \/>\nAsiento: Pa\u00f1o negro graduable altura y profundidad<br \/>\nSoporte lumbar: Actividad separada<br \/>\nMecanismo: Sincro 4 posiciones cpon slider o basculante<br \/>\nBrazos: Graduables en altura<br \/>\nBase: Aluminio, Cromo o Nylon<br \/>\nRuedas: Piso duro<\/p>\n","protected":false},"featured_media":1530,"template":"","meta":[],"product_brand":[],"product_cat":[31],"product_tag":[17],"class_list":{"0":"post-242","1":"product","2":"type-product","3":"status-publish","4":"has-post-thumbnail","6":"product_cat-sillas-presidenciales","7":"product_tag-sillas-giratorias","9":"first","10":"instock","11":"shipping-taxable","12":"product-type-simple"},"_links":{"self":[{"href":"https:\/\/divisionesymodularesojeda.com\/oficinas-barranquilla\/wp-json\/wp\/v2\/product\/242","targetHints":{"allow":["GET"]}}],"collection":[{"href":"https:\/\/divisionesymodularesojeda.com\/oficinas-barranquilla\/wp-json\/wp\/v2\/product"}],"about":[{"href":"https:\/\/divisionesymodularesojeda.com\/oficinas-barranquilla\/wp-json\/wp\/v2\/types\/product"}],"wp:featuredmedia":[{"embeddable":true,"href":"https:\/\/divisionesymodularesojeda.com\/oficinas-barranquilla\/wp-json\/wp\/v2\/media\/1530"}],"wp:attachment":[{"href":"https:\/\/divisionesymodularesojeda.com\/oficinas-barranquilla\/wp-json\/wp\/v2\/media?parent=242"}],"wp:term":[{"taxonomy":"product_brand","embeddable":true,"href":"https:\/\/divisionesymodularesojeda.com\/oficinas-barranquilla\/wp-json\/wp\/v2\/product_brand?post=242"},{"taxonomy":"product_cat","embeddable":true,"href":"https:\/\/divisionesymodularesojeda.com\/oficinas-barranquilla\/wp-json\/wp\/v2\/product_cat?post=242"},{"taxonomy":"product_tag","embeddable":true,"href":"https:\/\/divisionesymodularesojeda.com\/oficinas-barranquilla\/wp-json\/wp\/v2\/product_tag?post=242"}],"curies":[{"name":"wp","href":"https:\/\/api.w.org\/{rel}","templated":true}]}}