{"id":1513,"date":"2026-01-07T12:28:38","date_gmt":"2026-01-07T17:28:38","guid":{"rendered":"https:\/\/divisionesymodularesojeda.com\/oficinas-barranquilla\/?post_type=product&#038;p=1513"},"modified":"2026-01-29T17:53:01","modified_gmt":"2026-01-29T22:53:01","slug":"silla-presidente-1","status":"publish","type":"product","link":"https:\/\/divisionesymodularesojeda.com\/oficinas-barranquilla\/producto\/silla-presidente-1\/","title":{"rendered":"Silla presidente Banu"},"content":{"rendered":"<div class=\"fusion-fullwidth fullwidth-box fusion-builder-row-1 fusion-flex-container nonhundred-percent-fullwidth non-hundred-percent-height-scrolling\" style=\"--awb-border-radius-top-left:0px;--awb-border-radius-top-right:0px;--awb-border-radius-bottom-right:0px;--awb-border-radius-bottom-left:0px;--awb-flex-wrap:wrap;\" ><div class=\"fusion-builder-row fusion-row fusion-flex-align-items-flex-start fusion-flex-content-wrap\" style=\"max-width:1144px;margin-left: calc(-4% \/ 2 );margin-right: calc(-4% \/ 2 );\"><div class=\"fusion-layout-column fusion_builder_column fusion-builder-column-0 fusion_builder_column_1_1 1_1 fusion-flex-column\" style=\"--awb-bg-size:cover;--awb-width-large:100%;--awb-margin-top-large:0px;--awb-spacing-right-large:1.92%;--awb-margin-bottom-large:0px;--awb-spacing-left-large:1.92%;--awb-width-medium:100%;--awb-spacing-right-medium:1.92%;--awb-spacing-left-medium:1.92%;--awb-width-small:100%;--awb-spacing-right-small:1.92%;--awb-spacing-left-small:1.92%;\"><div class=\"fusion-column-wrapper fusion-flex-justify-content-flex-start fusion-content-layout-column\"><div class=\"fusion-title title fusion-title-1 fusion-sep-none fusion-title-text fusion-title-size-three\" style=\"--awb-margin-top-small:0px;--awb-margin-right-small:0px;--awb-margin-bottom-small:20px;--awb-margin-left-small:0px;\"><h3 class=\"fusion-title-heading title-heading-left\" style=\"margin:0;text-transform:none;\">Silla presidente de lujo Banu, un sin\u00f3nimo de sofisticaci\u00f3n y comodidad inigualable<\/h3><\/div><div class=\"fusion-text fusion-text-1\"><p>Dise\u00f1ada para aquellos que exigen lo mejor, las sillas presidenciales Banu cuentan con una espalda y cabecero en malla negra, asegurando transpirabilidad y un soporte excepcional. El cabecero ajustable se adapta a tus necesidades, mientras que el respaldo con apoyo lumbar ajustable te garantiza una postura correcta durante largas jornadas. Su asiento, confeccionado en espuma moldeada de alta densidad ofrece una comodidad suprema.<\/p>\n<\/div><ul style=\"--awb-line-height:23.8px;--awb-icon-width:23.8px;--awb-icon-height:23.8px;--awb-icon-margin:9.8px;--awb-content-margin:33.6px;--awb-circlecolor:#1a80b6;--awb-circle-yes-font-size:12.32px;\" class=\"fusion-checklist fusion-checklist-1 fusion-checklist-default type-icons\"><li class=\"fusion-li-item\" style=\"\"><span class=\"icon-wrapper circle-yes\"><i class=\"fusion-li-icon fa-file-pdf fas\" aria-hidden=\"true\"><\/i><\/span><div class=\"fusion-li-item-content\"><a href=\"https:\/\/divisionesymodularesojeda.com\/pdf\/silla-banu-pr.pdf\" target=\"_blank\" rel=\"noopener\"> Descargar ficha t\u00e9cnica<\/a><\/div><\/li><\/ul><div class=\"fusion-text fusion-text-2\"><p>Im\u00e1genes de referencia, las caracter\u00edsticas y especificaciones est\u00e1n sujetas a verificaci\u00f3n en el momento de la compra.<\/p>\n<\/div><\/div><\/div><\/div><\/div>\n","protected":false},"excerpt":{"rendered":"<h2>Sillas ergon\u00f3micas Banu PR<\/h2>\n<p>Base en aluminio<br \/>\nRodachinas en goma<br \/>\nEspaldar y cabecero en malla negra<br \/>\nEspaldar con apoyo lumbar graduable<br \/>\nAsiento tapizado en pa\u00f1o color negro<br \/>\nBrazos con altura ajustable<br \/>\nMecanismo syncro multibloqueo<br \/>\nSistema Seatslider profundidad del asiento<\/p>\n","protected":false},"featured_media":1514,"template":"","meta":[],"product_brand":[],"product_cat":[31],"product_tag":[17],"class_list":{"0":"post-1513","1":"product","2":"type-product","3":"status-publish","4":"has-post-thumbnail","6":"product_cat-sillas-presidenciales","7":"product_tag-sillas-giratorias","9":"first","10":"instock","11":"shipping-taxable","12":"product-type-simple"},"_links":{"self":[{"href":"https:\/\/divisionesymodularesojeda.com\/oficinas-barranquilla\/wp-json\/wp\/v2\/product\/1513","targetHints":{"allow":["GET"]}}],"collection":[{"href":"https:\/\/divisionesymodularesojeda.com\/oficinas-barranquilla\/wp-json\/wp\/v2\/product"}],"about":[{"href":"https:\/\/divisionesymodularesojeda.com\/oficinas-barranquilla\/wp-json\/wp\/v2\/types\/product"}],"wp:featuredmedia":[{"embeddable":true,"href":"https:\/\/divisionesymodularesojeda.com\/oficinas-barranquilla\/wp-json\/wp\/v2\/media\/1514"}],"wp:attachment":[{"href":"https:\/\/divisionesymodularesojeda.com\/oficinas-barranquilla\/wp-json\/wp\/v2\/media?parent=1513"}],"wp:term":[{"taxonomy":"product_brand","embeddable":true,"href":"https:\/\/divisionesymodularesojeda.com\/oficinas-barranquilla\/wp-json\/wp\/v2\/product_brand?post=1513"},{"taxonomy":"product_cat","embeddable":true,"href":"https:\/\/divisionesymodularesojeda.com\/oficinas-barranquilla\/wp-json\/wp\/v2\/product_cat?post=1513"},{"taxonomy":"product_tag","embeddable":true,"href":"https:\/\/divisionesymodularesojeda.com\/oficinas-barranquilla\/wp-json\/wp\/v2\/product_tag?post=1513"}],"curies":[{"name":"wp","href":"https:\/\/api.w.org\/{rel}","templated":true}]}}